{"id":87776,"date":"2021-01-11T12:10:42","date_gmt":"2021-01-11T12:10:42","guid":{"rendered":"https:\/\/barnmedibd.dk\/?page_id=87776"},"modified":"2022-04-21T08:57:59","modified_gmt":"2022-04-21T08:57:59","slug":"forside-3-indgange","status":"publish","type":"page","link":"https:\/\/barnmedibd.dk\/","title":{"rendered":"Forsiden"},"content":{"rendered":"<div class=\"wpb-content-wrapper\">[vc_row row_height_percent=&#8221;45&#8243; override_padding=&#8221;yes&#8221; h_padding=&#8221;2&#8243; top_padding=&#8221;5&#8243; bottom_padding=&#8221;3&#8243; back_color=&#8221;color-vyce&#8221; back_image=&#8221;90651&#8243; back_attachment=&#8221;scroll&#8221; back_position=&#8221;center center&#8221; parallax=&#8221;yes&#8221; kburns=&#8221;yes&#8221; overlay_alpha=&#8221;100&#8243; gutter_size=&#8221;100&#8243; column_width_percent=&#8221;100&#8243; shift_y=&#8221;0&#8243; z_index=&#8221;0&#8243; bottom_divider=&#8221;curve-opacity&#8221; style=&#8221;inherited&#8221; css=&#8221;.vc_custom_1630757868065{border-top-width: 0px !important;}&#8221; el_class=&#8221;homepage-search&#8221; uncode_shortcode_id=&#8221;171233&#8243; back_color_type=&#8221;uncode-palette&#8221;][vc_column column_width_use_pixel=&#8221;yes&#8221; position_vertical=&#8221;middle&#8221; align_horizontal=&#8221;align_center&#8221; gutter_size=&#8221;3&#8243; style=&#8221;dark&#8221; overlay_alpha=&#8221;100&#8243; shift_x=&#8221;0&#8243; shift_y=&#8221;0&#8243; shift_y_down=&#8221;0&#8243; z_index=&#8221;0&#8243; medium_width=&#8221;0&#8243; mobile_width=&#8221;0&#8243; zoom_width=&#8221;0&#8243; zoom_height=&#8221;0&#8243; width=&#8221;1\/1&#8243; column_width_pixel=&#8221;900&#8243;][vc_empty_space empty_h=&#8221;3&#8243; desktop_visibility=&#8221;yes&#8221; medium_visibility=&#8221;yes&#8221;][vc_empty_space empty_h=&#8221;3&#8243;][vc_empty_space empty_h=&#8221;3&#8243; desktop_visibility=&#8221;yes&#8221; medium_visibility=&#8221;yes&#8221;][\/vc_column][\/vc_row][vc_row row_height_percent=&#8221;0&#8243; override_padding=&#8221;yes&#8221; h_padding=&#8221;2&#8243; top_padding=&#8221;0&#8243; bottom_padding=&#8221;3&#8243; back_color=&#8221;color-lxmt&#8221; overlay_alpha=&#8221;50&#8243; gutter_size=&#8221;3&#8243; column_width_percent=&#8221;100&#8243; shift_y=&#8221;0&#8243; z_index=&#8221;0&#8243; top_divider=&#8221;gradient&#8221; uncode_shortcode_id=&#8221;761592&#8243; back_color_type=&#8221;uncode-palette&#8221;][vc_column column_width_percent=&#8221;100&#8243; gutter_size=&#8221;4&#8243; overlay_alpha=&#8221;50&#8243; shift_x=&#8221;0&#8243; shift_y=&#8221;-4&#8243; shift_y_down=&#8221;0&#8243; z_index=&#8221;0&#8243; medium_width=&#8221;0&#8243; mobile_width=&#8221;0&#8243; width=&#8221;1\/1&#8243; uncode_shortcode_id=&#8221;860311&#8243;][vc_row_inner row_inner_height_percent=&#8221;0&#8243; overlay_alpha=&#8221;50&#8243; gutter_size=&#8221;3&#8243; shift_y=&#8221;0&#8243; z_index=&#8221;0&#8243; limit_content=&#8221;&#8221; uncode_shortcode_id=&#8221;519317&#8243;][vc_column_inner column_width_percent=&#8221;100&#8243; align_horizontal=&#8221;align_center&#8221; gutter_size=&#8221;3&#8243; font_family=&#8221;font-329340&#8243; back_color=&#8221;color-xsdn&#8221; overlay_alpha=&#8221;50&#8243; shift_x=&#8221;0&#8243; shift_y=&#8221;0&#8243; shift_y_down=&#8221;0&#8243; z_index=&#8221;0&#8243; medium_width=&#8221;3&#8243; mobile_width=&#8221;0&#8243; css_animation=&#8221;zoom-in&#8221; animation_delay=&#8221;200&#8243; radius=&#8221;xs&#8221; shadow=&#8221;sm&#8221; width=&#8221;1\/4&#8243; uncode_shortcode_id=&#8221;197455&#8243; back_color_type=&#8221;uncode-palette&#8221;][vc_icon icon=&#8221;fa fa-laptop3&#8243; icon_color=&#8221;color-jevc&#8221; size=&#8221;fa-3x&#8221; text_size=&#8221;h4&#8243; text_weight=&#8221;500&#8243; text_space=&#8221;fontspace-781688&#8243; text_reduced=&#8221;yes&#8221; title=&#8221;Til for\u00e6ldre&#8221; link=&#8221;url:http%3A%2F%2Fbarnmedibd.dk%2Findex.php%2Fhomepages%2Fforside-foraeldre%2F|title:For%C3%A6ldre&#8221; uncode_shortcode_id=&#8221;112838&#8243; icon_color_type=&#8221;uncode-palette&#8221;]<strong>Her kan du finde artikler med gode r\u00e5d omkring dit barns sygdom<\/strong>[\/vc_icon][vc_button button_color=&#8221;color-440219&#8243; size=&#8221;btn-lg&#8221; radius=&#8221;btn-square&#8221; hover_fx=&#8221;full-colored&#8221; custom_typo=&#8221;yes&#8221; font_family=&#8221;font-329340&#8243; font_weight=&#8221;500&#8243; border_width=&#8221;0&#8243; link=&#8221;url:http%3A%2F%2Fbarnmedibd.dk%2Findex.php%2Fhomepages%2Fforside-foraeldre%2F|title:For%C3%A6ldre%20%E2%80%93%20website%20is%20temporarily%20online&#8221; button_color_type=&#8221;uncode-palette&#8221; uncode_shortcode_id=&#8221;270844&#8243;]For\u00e6ldre[\/vc_button][\/vc_column_inner][vc_column_inner column_width_percent=&#8221;100&#8243; align_horizontal=&#8221;align_center&#8221; gutter_size=&#8221;3&#8243; font_family=&#8221;font-329340&#8243; back_color=&#8221;color-xsdn&#8221; back_image=&#8221;90658&#8243; overlay_color=&#8221;color-xsdn&#8221; overlay_alpha=&#8221;70&#8243; shift_x=&#8221;0&#8243; shift_y=&#8221;0&#8243; shift_y_down=&#8221;0&#8243; z_index=&#8221;0&#8243; medium_width=&#8221;3&#8243; mobile_width=&#8221;0&#8243; css_animation=&#8221;zoom-in&#8221; animation_delay=&#8221;400&#8243; radius=&#8221;xs&#8221; shadow=&#8221;sm&#8221; width=&#8221;1\/4&#8243; uncode_shortcode_id=&#8221;171724&#8243; back_color_type=&#8221;uncode-palette&#8221; overlay_color_type=&#8221;uncode-palette&#8221;][vc_icon icon=&#8221;fa fa-laptop3&#8243; icon_color=&#8221;color-jevc&#8221; size=&#8221;fa-3x&#8221; text_size=&#8221;h4&#8243; text_weight=&#8221;500&#8243; text_space=&#8221;fontspace-781688&#8243; text_reduced=&#8221;yes&#8221; title=&#8221;Leg og l\u00e6r&#8221; link=&#8221;url:http%3A%2F%2Fbarnmedibd.dk%2Findex.php%2Fleg-og-laer%2F|title:Leg%20og%20L%C3%A6r&#8221; uncode_shortcode_id=&#8221;133574&#8243; icon_color_type=&#8221;uncode-palette&#8221;]<strong>Billedb\u00f8ger og sm\u00e5 aktiviteter du kan opleve sammen med dit barn<\/strong>[\/vc_icon][vc_button button_color=&#8221;color-149363&#8243; size=&#8221;btn-lg&#8221; radius=&#8221;btn-square&#8221; hover_fx=&#8221;full-colored&#8221; custom_typo=&#8221;yes&#8221; font_family=&#8221;font-329340&#8243; font_weight=&#8221;500&#8243; border_width=&#8221;0&#8243; link=&#8221;url:https%3A%2F%2Fbarnmedibd.dk%2Findex.php%2Fleg-og-laer%2F|title:test-overblik&#8221; button_color_type=&#8221;uncode-palette&#8221; uncode_shortcode_id=&#8221;163592&#8243;]Fra 2 \u00e5r[\/vc_button][\/vc_column_inner][vc_column_inner column_width_percent=&#8221;100&#8243; align_horizontal=&#8221;align_center&#8221; gutter_size=&#8221;3&#8243; font_family=&#8221;font-329340&#8243; back_color=&#8221;color-xsdn&#8221; overlay_alpha=&#8221;50&#8243; shift_x=&#8221;0&#8243; shift_y=&#8221;0&#8243; shift_y_down=&#8221;0&#8243; z_index=&#8221;0&#8243; medium_width=&#8221;3&#8243; mobile_width=&#8221;0&#8243; css_animation=&#8221;zoom-in&#8221; animation_delay=&#8221;600&#8243; radius=&#8221;xs&#8221; shadow=&#8221;sm&#8221; width=&#8221;1\/4&#8243; uncode_shortcode_id=&#8221;286846&#8243; back_color_type=&#8221;uncode-palette&#8221;][vc_icon icon=&#8221;fa fa-smartphone&#8221; icon_color=&#8221;color-jevc&#8221; size=&#8221;fa-3x&#8221; text_size=&#8221;h4&#8243; text_weight=&#8221;500&#8243; text_space=&#8221;fontspace-781688&#8243; text_reduced=&#8221;yes&#8221; title=&#8221;7-12 \u00e5r&#8221; link=&#8221;url:#||&#8221; uncode_shortcode_id=&#8221;132646&#8243; icon_color_type=&#8221;uncode-palette&#8221;]<strong>Bliv klogere p\u00e5 din sygdom i fred og ro p\u00e5 din egen mobiltelefon<\/strong>[\/vc_icon][vc_button button_color=&#8221;color-742106&#8243; size=&#8221;btn-lg&#8221; radius=&#8221;btn-square&#8221; hover_fx=&#8221;full-colored&#8221; custom_typo=&#8221;yes&#8221; font_family=&#8221;font-329340&#8243; font_weight=&#8221;500&#8243; border_width=&#8221;0&#8243; link=&#8221;url:https%3A%2F%2Fwww.ungmedibd.dk%2Fbarnmedibd|target:_blank&#8221; button_color_type=&#8221;uncode-palette&#8221; uncode_shortcode_id=&#8221;155408&#8243;]Fra 7 \u00e5r[\/vc_button][\/vc_column_inner][vc_column_inner column_width_percent=&#8221;100&#8243; align_horizontal=&#8221;align_center&#8221; gutter_size=&#8221;3&#8243; back_color=&#8221;color-xsdn&#8221; overlay_alpha=&#8221;50&#8243; shift_x=&#8221;0&#8243; shift_y=&#8221;0&#8243; shift_y_down=&#8221;0&#8243; z_index=&#8221;0&#8243; medium_width=&#8221;0&#8243; mobile_width=&#8221;0&#8243; css_animation=&#8221;zoom-in&#8221; animation_delay=&#8221;700&#8243; radius=&#8221;xs&#8221; shadow=&#8221;sm&#8221; width=&#8221;1\/4&#8243; uncode_shortcode_id=&#8221;199990&#8243; back_color_type=&#8221;uncode-palette&#8221;][vc_icon icon=&#8221;fa fa-smartphone&#8221; icon_color=&#8221;color-jevc&#8221; size=&#8221;fa-3x&#8221; text_size=&#8221;h4&#8243; text_weight=&#8221;500&#8243; text_space=&#8221;fontspace-781688&#8243; text_reduced=&#8221;yes&#8221; title=&#8221;12-18+&#8221; link=&#8221;url:#||&#8221; uncode_shortcode_id=&#8221;203748&#8243; icon_color_type=&#8221;uncode-palette&#8221;]<strong>Bliv klogere p\u00e5 din sygdom i fred og ro p\u00e5 din egen mobiltelefon<\/strong>[\/vc_icon][vc_button button_color=&#8221;color-prif&#8221; size=&#8221;btn-lg&#8221; radius=&#8221;btn-square&#8221; hover_fx=&#8221;full-colored&#8221; custom_typo=&#8221;yes&#8221; font_family=&#8221;font-329340&#8243; font_weight=&#8221;500&#8243; border_width=&#8221;0&#8243; link=&#8221;url:https%3A%2F%2Fwww.ungmedibd.dk%2F|target:_blank&#8221; button_color_type=&#8221;uncode-palette&#8221; uncode_shortcode_id=&#8221;492731&#8243;]Teenager[\/vc_button][\/vc_column_inner][\/vc_row_inner][vc_row_inner row_inner_height_percent=&#8221;0&#8243; overlay_alpha=&#8221;50&#8243; gutter_size=&#8221;3&#8243; shift_y=&#8221;0&#8243; z_index=&#8221;0&#8243; uncode_shortcode_id=&#8221;156630&#8243;][vc_column_inner column_width_percent=&#8221;100&#8243; align_horizontal=&#8221;align_center&#8221; gutter_size=&#8221;3&#8243; style=&#8221;light&#8221; overlay_alpha=&#8221;50&#8243; shift_x=&#8221;0&#8243; shift_y=&#8221;0&#8243; shift_y_down=&#8221;0&#8243; z_index=&#8221;0&#8243; medium_width=&#8221;0&#8243; mobile_width=&#8221;0&#8243; width=&#8221;1\/1&#8243;][vc_custom_heading text_color=&#8221;color-wvjs&#8221; heading_semantic=&#8221;h1&#8243; uncode_shortcode_id=&#8221;140367&#8243; text_color_type=&#8221;uncode-palette&#8221;]P\u00e5 barnmedibd.dk kan du finde hj\u00e6lp, og svar p\u00e5 de fleste af dine og dit barns sp\u00f8rgsm\u00e5l omkring IBD[\/vc_custom_heading][vc_wp_search live_search=&#8221;yes&#8221;][\/vc_column_inner][\/vc_row_inner][\/vc_column][\/vc_row][vc_row row_height_percent=&#8221;0&#8243; override_padding=&#8221;yes&#8221; h_padding=&#8221;2&#8243; top_padding=&#8221;0&#8243; bottom_padding=&#8221;1&#8243; back_color=&#8221;color-lxmt&#8221; overlay_alpha=&#8221;50&#8243; gutter_size=&#8221;3&#8243; column_width_percent=&#8221;100&#8243; shift_y=&#8221;0&#8243; z_index=&#8221;0&#8243; top_divider=&#8221;flow&#8221; bottom_divider=&#8221;tilt&#8221; uncode_shortcode_id=&#8221;114135&#8243; back_color_type=&#8221;uncode-palette&#8221;][vc_column column_width_use_pixel=&#8221;yes&#8221; align_horizontal=&#8221;align_center&#8221; gutter_size=&#8221;1&#8243; style=&#8221;dark&#8221; font_family=&#8221;font-329340&#8243; overlay_alpha=&#8221;50&#8243; shift_x=&#8221;0&#8243; shift_y=&#8221;0&#8243; shift_y_down=&#8221;0&#8243; z_index=&#8221;0&#8243; medium_width=&#8221;0&#8243; mobile_width=&#8221;0&#8243; width=&#8221;1\/1&#8243; column_width_pixel=&#8221;1100&#8243; uncode_shortcode_id=&#8221;114215&#8243;][vc_custom_heading text_color=&#8221;color-wvjs&#8221; heading_semantic=&#8221;h1&#8243; text_size=&#8221;h1&#8243; uncode_shortcode_id=&#8221;191285&#8243; text_color_type=&#8221;uncode-palette&#8221;]Alle artikler og andet indhold p\u00e5 barnmedibd.dk[\/vc_custom_heading][vc_empty_space empty_h=&#8221;1&#8243;][uncode_index el_id=&#8221;index-15588655905&#8243; isotope_mode=&#8221;fitRows&#8221; loop=&#8221;size:3|order_by:date|order:DESC|post_type:post|taxonomy_count:10&#8243; filtering=&#8221;yes&#8221; filtering_full_width=&#8221;yes&#8221; filtering_position=&#8221;center&#8221; filtering_uppercase=&#8221;yes&#8221; filter_mobile_dropdown=&#8221;yes&#8221; pagination=&#8221;yes&#8221; footer_full_width=&#8221;yes&#8221; gutter_size=&#8221;2&#8243; post_items=&#8221;media|featured|onpost|poster,title,text|excerpt|70&#8243; page_items=&#8221;title,media,text,category&#8221; product_items=&#8221;title,media,text,category,price&#8221; portfolio_items=&#8221;title,media,text,category&#8221; screen_lg=&#8221;1000&#8243; screen_md=&#8221;900&#8243; screen_sm=&#8221;480&#8243; images_size=&#8221;three-two&#8221; single_back_color=&#8221;color-xsdn&#8221; single_shape=&#8221;round&#8221; radius=&#8221;xs&#8221; single_overlay_opacity=&#8221;50&#8243; single_overlay_anim=&#8221;no&#8221; single_text_visible=&#8221;yes&#8221; single_text_anim=&#8221;no&#8221; single_padding=&#8221;2&#8243; single_title_dimension=&#8221;h5&#8243; single_title_space=&#8221;fontspace-781688&#8243; single_css_animation=&#8221;bottom-t-top&#8221; single_animation_delay=&#8221;200&#8243; no_double_tap=&#8221;yes&#8221; single_half_padding=&#8221;&#8221; single_title_bold=&#8221;yes&#8221; single_title_serif=&#8221;&#8221; single_title_divider=&#8221;&#8221; single_no_background=&#8221;&#8221; items=&#8221;e30=&#8221; footer_position=&#8221;left&#8221; carousel_rtl=&#8221;&#8221; single_icon=&#8221;fa fa-plus2&#8243; filtering_transform=&#8221;uppercase&#8221; filter_mobile_dropdown_text=&#8221;Filters&#8221; filter_all_text=&#8221;Vis alle&#8221;][uncode_index el_id=&#8221;index-15588655905&#8243; isotope_mode=&#8221;fitRows&#8221; loop=&#8221;size:3|order_by:date|order:DESC|post_type:post|categories:110|taxonomy_count:10&#8243; filtering=&#8221;yes&#8221; filtering_full_width=&#8221;yes&#8221; filtering_position=&#8221;center&#8221; filtering_uppercase=&#8221;yes&#8221; filter_mobile_dropdown=&#8221;yes&#8221; pagination=&#8221;yes&#8221; footer_full_width=&#8221;yes&#8221; gutter_size=&#8221;2&#8243; post_items=&#8221;media|featured|onpost|poster,title,text|excerpt|70&#8243; page_items=&#8221;title,media,text,category&#8221; product_items=&#8221;title,media,text,category,price&#8221; portfolio_items=&#8221;title,media,text,category&#8221; screen_lg=&#8221;1000&#8243; screen_md=&#8221;900&#8243; screen_sm=&#8221;480&#8243; images_size=&#8221;three-two&#8221; single_back_color=&#8221;color-xsdn&#8221; single_shape=&#8221;round&#8221; single_overlay_opacity=&#8221;50&#8243; single_overlay_anim=&#8221;no&#8221; single_text_visible=&#8221;yes&#8221; single_text_anim=&#8221;no&#8221; single_padding=&#8221;2&#8243; single_title_dimension=&#8221;h5&#8243; single_title_space=&#8221;fontspace-781688&#8243; single_css_animation=&#8221;bottom-t-top&#8221; single_animation_delay=&#8221;200&#8243; no_double_tap=&#8221;yes&#8221; single_half_padding=&#8221;&#8221; single_title_bold=&#8221;yes&#8221; single_title_serif=&#8221;&#8221; single_title_divider=&#8221;&#8221; single_no_background=&#8221;&#8221; items=&#8221;e30=&#8221; footer_position=&#8221;left&#8221; carousel_rtl=&#8221;&#8221; single_icon=&#8221;fa fa-plus2&#8243; filtering_transform=&#8221;uppercase&#8221; filter_mobile_dropdown_text=&#8221;Filters&#8221; filter_all_text=&#8221;Vis alle&#8221;][\/vc_column][\/vc_row][vc_row][vc_column width=&#8221;1\/1&#8243;][vc_column_text uncode_shortcode_id=&#8221;170850&#8243;]<i>Dette website er udarbejdet af B\u00f8rne-Ungeafdelingen, Hvidovre Hospital med st\u00f8tte fra Louis-Hansen Fonden.<\/i><\/p>\n<p><i>Manuskript og konceptudvikling: Cand.psych. Mette Hald<br \/>\nRedaktion: Overl\u00e6ge, Ph.D. Vibeke Wewer,l\u00e6ge, Ph.D. Katrine Carlsen<br \/>\nKonceptudvikling, design og implementering: Laursendc.com<br \/>\nVideo: Stopher Secher Film og Laursendc.com<br \/>\n<span class=\"font-762333\">Illustrationer: Miguel Fernandez o.a.<\/span><br \/>\n<\/i><\/p>\n<p><i>Tak til:<br \/>\nDe unge deltagende: Camilla, Aya, Ea og Christian, Ungepanelet, Hvidovre Hospital.<br \/>\nMedicinstuderende Sabine Jansson, l\u00e6ge Giaan Ninh og di\u00e6tist Sarah Brown for indl\u00e6g. Medicinstuderende Mads Wewer, Ledende overl\u00e6ge Inge Nordgaard-Lassen, Gastroenheden, Hvidovre Hospital Fysioterapeut Linette Marie Kofoed, Hvidovre Hospital Hvidovre Hospitals B\u00f8rne-Ungeafdeling, s\u00e6rligt overl\u00e6ge Christoph Norden, IBD-sygeplejerske Lone Petersen, sygeplejerske Morten Braun Larsen, mave-tarm-b\u00f8rnel\u00e6gerne, + psyk-soc.teamet, skolestuen, di\u00e6tisterne og afdelingsledelsen.<\/i>[\/vc_column_text][\/vc_column][\/vc_row]\n<\/div>","protected":false},"excerpt":{"rendered":"<p>[vc_row row_height_percent=&#8221;45&#8243; override_padding=&#8221;yes&#8221; h_padding=&#8221;2&#8243; top_padding=&#8221;5&#8243; bottom_padding=&#8221;3&#8243; back_color=&#8221;color-vyce&#8221; back_image=&#8221;90651&#8243; back_attachment=&#8221;scroll&#8221; back_position=&#8221;center center&#8221; parallax=&#8221;yes&#8221; kburns=&#8221;yes&#8221; overlay_alpha=&#8221;100&#8243; gutter_size=&#8221;100&#8243; column_width_percent=&#8221;100&#8243; shift_y=&#8221;0&#8243; z_index=&#8221;0&#8243; bottom_divider=&#8221;curve-opacity&#8221; style=&#8221;inherited&#8221; [&hellip;]<\/p>\n","protected":false},"author":2,"featured_media":90651,"parent":43938,"menu_order":0,"comment_status":"closed","ping_status":"closed","template":"","meta":{"footnotes":""},"class_list":["post-87776","page","type-page","status-publish","has-post-thumbnail","hentry","page_category-classic"],"_links":{"self":[{"href":"https:\/\/barnmedibd.dk\/index.php\/wp-json\/wp\/v2\/pages\/87776","targetHints":{"allow":["GET"]}}],"collection":[{"href":"https:\/\/barnmedibd.dk\/index.php\/wp-json\/wp\/v2\/pages"}],"about":[{"href":"https:\/\/barnmedibd.dk\/index.php\/wp-json\/wp\/v2\/types\/page"}],"author":[{"embeddable":true,"href":"https:\/\/barnmedibd.dk\/index.php\/wp-json\/wp\/v2\/users\/2"}],"replies":[{"embeddable":true,"href":"https:\/\/barnmedibd.dk\/index.php\/wp-json\/wp\/v2\/comments?post=87776"}],"version-history":[{"count":303,"href":"https:\/\/barnmedibd.dk\/index.php\/wp-json\/wp\/v2\/pages\/87776\/revisions"}],"predecessor-version":[{"id":91381,"href":"https:\/\/barnmedibd.dk\/index.php\/wp-json\/wp\/v2\/pages\/87776\/revisions\/91381"}],"up":[{"embeddable":true,"href":"https:\/\/barnmedibd.dk\/index.php\/wp-json\/wp\/v2\/pages\/43938"}],"wp:featuredmedia":[{"embeddable":true,"href":"https:\/\/barnmedibd.dk\/index.php\/wp-json\/wp\/v2\/media\/90651"}],"wp:attachment":[{"href":"https:\/\/barnmedibd.dk\/index.php\/wp-json\/wp\/v2\/media?parent=87776"}],"curies":[{"name":"wp","href":"https:\/\/api.w.org\/{rel}","templated":true}]}}